{"id":77,"date":"2015-11-30T15:41:05","date_gmt":"2015-11-30T14:41:05","guid":{"rendered":"http:\/\/www.clebel.ca\/new\/?page_id=77"},"modified":"2015-12-17T21:57:56","modified_gmt":"2015-12-17T20:57:56","slug":"a-propos","status":"publish","type":"page","link":"http:\/\/www.clebel.ca\/new\/a-propos\/","title":{"rendered":"A propos"},"content":{"rendered":"<p>[et_pb_section admin_label=\u00a0\u00bbsection\u00a0\u00bb fullwidth=\u00a0\u00bbon\u00a0\u00bb specialty=\u00a0\u00bboff\u00a0\u00bb inner_shadow=\u00a0\u00bboff\u00a0\u00bb parallax=\u00a0\u00bboff\u00a0\u00bb][et_pb_fullwidth_slider admin_label=\u00a0\u00bbFullwidth Slider\u00a0\u00bb show_arrows=\u00a0\u00bbon\u00a0\u00bb show_pagination=\u00a0\u00bbon\u00a0\u00bb auto=\u00a0\u00bboff\u00a0\u00bb parallax=\u00a0\u00bboff\u00a0\u00bb auto_ignore_hover=\u00a0\u00bboff\u00a0\u00bb parallax_method=\u00a0\u00bboff\u00a0\u00bb remove_inner_shadow=\u00a0\u00bboff\u00a0\u00bb background_position=\u00a0\u00bbdefault\u00a0\u00bb background_size=\u00a0\u00bbdefault\u00a0\u00bb hide_content_on_mobile=\u00a0\u00bboff\u00a0\u00bb hide_cta_on_mobile=\u00a0\u00bboff\u00a0\u00bb show_image_video_mobile=\u00a0\u00bboff\u00a0\u00bb header_font_size=\u00a0\u00bb46&Prime; body_font_size=\u00a0\u00bb16&Prime; custom_button=\u00a0\u00bboff\u00a0\u00bb button_text_size=\u00a0\u00bb20&Prime; button_border_width=\u00a0\u00bb2&Prime; button_border_radius=\u00a0\u00bb3&Prime; button_letter_spacing=\u00a0\u00bb0&Prime; button_use_icon=\u00a0\u00bbdefault\u00a0\u00bb button_icon_placement=\u00a0\u00bbright\u00a0\u00bb button_on_hover=\u00a0\u00bbon\u00a0\u00bb button_border_radius_hover=\u00a0\u00bb3&Prime; button_letter_spacing_hover=\u00a0\u00bb0&Prime;] [et_pb_slide heading=\u00a0\u00bbNotre philosophie\u00a0\u00bb background_color=\u00a0\u00bb#efefef\u00a0\u00bb image=\u00a0\u00bbhttp:\/\/www.clebel.ca\/new\/wp-content\/uploads\/2015\/11\/camion.jpg\u00a0\u00bb alignment=\u00a0\u00bbcenter\u00a0\u00bb background_layout=\u00a0\u00bblight\u00a0\u00bb background_position=\u00a0\u00bbdefault\u00a0\u00bb background_size=\u00a0\u00bbdefault\u00a0\u00bb allow_player_pause=\u00a0\u00bboff\u00a0\u00bb header_font_select=\u00a0\u00bbdefault\u00a0\u00bb body_font_select=\u00a0\u00bbdefault\u00a0\u00bb custom_button=\u00a0\u00bboff\u00a0\u00bb button_font_select=\u00a0\u00bbdefault\u00a0\u00bb button_use_icon=\u00a0\u00bbdefault\u00a0\u00bb button_icon_placement=\u00a0\u00bbright\u00a0\u00bb button_on_hover=\u00a0\u00bbon\u00a0\u00bb]<\/p>\n<p>Construire des maisons selon les r\u00e8gles de l&rsquo;art et en appliquant rigoureusement le code du b\u00e2timent.<\/p>\n<p>[\/et_pb_slide] [\/et_pb_fullwidth_slider][\/et_pb_section][et_pb_section admin_label=\u00a0\u00bbsection\u00a0\u00bb fullwidth=\u00a0\u00bboff\u00a0\u00bb specialty=\u00a0\u00bboff\u00a0\u00bb][et_pb_row admin_label=\u00a0\u00bbrow\u00a0\u00bb][et_pb_column type=\u00a0\u00bb1_3&Prime;][et_pb_blurb admin_label=\u00a0\u00bbBlurb\u00a0\u00bb title=\u00a0\u00bbProjet cl\u00e9 en mais\u00a0\u00bb url_new_window=\u00a0\u00bboff\u00a0\u00bb use_icon=\u00a0\u00bbon\u00a0\u00bb font_icon=\u00a0\u00bb%%102%%\u00a0\u00bb icon_color=\u00a0\u00bb#2ea3f2&Prime; use_circle=\u00a0\u00bboff\u00a0\u00bb circle_color=\u00a0\u00bb#108bf5&Prime; use_circle_border=\u00a0\u00bboff\u00a0\u00bb circle_border_color=\u00a0\u00bb#108bf5&Prime; icon_placement=\u00a0\u00bbleft\u00a0\u00bb animation=\u00a0\u00bbtop\u00a0\u00bb background_layout=\u00a0\u00bblight\u00a0\u00bb text_orientation=\u00a0\u00bbcenter\u00a0\u00bb use_icon_font_size=\u00a0\u00bboff\u00a0\u00bb header_font_size=\u00a0\u00bb18&Prime; body_font_size=\u00a0\u00bb14&Prime; use_border_color=\u00a0\u00bboff\u00a0\u00bb border_color=\u00a0\u00bb#ffffff\u00a0\u00bb border_style=\u00a0\u00bbsolid\u00a0\u00bb]<\/p>\n<p>Nous proposons des projets cl\u00e9 en main et nous ne s\u00e9lectionnons que les meilleurs mat\u00e9riaux pour chacune de nos r\u00e9alisations. Cette formule vous offre la possibilit\u00e9 de r\u00e9aliser votre r\u00eave en toute qui\u00e9tude.<\/p>\n<p>[\/et_pb_blurb][\/et_pb_column][et_pb_column type=\u00a0\u00bb1_3&Prime;][et_pb_blurb admin_label=\u00a0\u00bbBlurb\u00a0\u00bb title=\u00a0\u00bbNotre r\u00e9putation\u00a0\u00bb url_new_window=\u00a0\u00bboff\u00a0\u00bb use_icon=\u00a0\u00bbon\u00a0\u00bb font_icon=\u00a0\u00bb%%151%%\u00a0\u00bb icon_color=\u00a0\u00bb#2ea3f2&Prime; use_circle=\u00a0\u00bboff\u00a0\u00bb circle_color=\u00a0\u00bb#108bf5&Prime; use_circle_border=\u00a0\u00bboff\u00a0\u00bb circle_border_color=\u00a0\u00bb#108bf5&Prime; icon_placement=\u00a0\u00bbleft\u00a0\u00bb animation=\u00a0\u00bbtop\u00a0\u00bb background_layout=\u00a0\u00bblight\u00a0\u00bb text_orientation=\u00a0\u00bbcenter\u00a0\u00bb use_icon_font_size=\u00a0\u00bboff\u00a0\u00bb header_font_size=\u00a0\u00bb18&Prime; body_font_size=\u00a0\u00bb14&Prime; use_border_color=\u00a0\u00bboff\u00a0\u00bb border_color=\u00a0\u00bb#ffffff\u00a0\u00bb border_style=\u00a0\u00bbsolid\u00a0\u00bb]<\/p>\n<p>Depuis sa fondation en 1969 par Conrad Lebel, C. Lebel Construction est demeur\u00e9e une entreprise familiale ayant la m\u00eame philosophie que son fondateur\u00a0: <strong>construire des maisons<\/strong> selon les r\u00e8gles.<\/p>\n<p>[\/et_pb_blurb][\/et_pb_column][et_pb_column type=\u00a0\u00bb1_3&Prime;][et_pb_blurb admin_label=\u00a0\u00bbBlurb\u00a0\u00bb title=\u00a0\u00bbEstimation gratuite\u00a0\u00bb url_new_window=\u00a0\u00bboff\u00a0\u00bb use_icon=\u00a0\u00bbon\u00a0\u00bb font_icon=\u00a0\u00bb%%124%%\u00a0\u00bb icon_color=\u00a0\u00bb#2ea3f2&Prime; use_circle=\u00a0\u00bboff\u00a0\u00bb circle_color=\u00a0\u00bb#108bf5&Prime; use_circle_border=\u00a0\u00bboff\u00a0\u00bb circle_border_color=\u00a0\u00bb#108bf5&Prime; icon_placement=\u00a0\u00bbleft\u00a0\u00bb animation=\u00a0\u00bbtop\u00a0\u00bb background_layout=\u00a0\u00bblight\u00a0\u00bb text_orientation=\u00a0\u00bbcenter\u00a0\u00bb use_icon_font_size=\u00a0\u00bboff\u00a0\u00bb header_font_size=\u00a0\u00bb18&Prime; body_font_size=\u00a0\u00bb14&Prime; use_border_color=\u00a0\u00bboff\u00a0\u00bb border_color=\u00a0\u00bb#ffffff\u00a0\u00bb border_style=\u00a0\u00bbsolid\u00a0\u00bb]<\/p>\n<p>Que ce soit pour une construction de maison neuve ou une r\u00e9novation nos experts ce ferons un plaisir de r\u00e9pondre a toutes vos questions<\/p>\n<p>[\/et_pb_blurb][\/et_pb_column][\/et_pb_row][\/et_pb_section][et_pb_section admin_label=\u00a0\u00bbSection\u00a0\u00bb fullwidth=\u00a0\u00bboff\u00a0\u00bb specialty=\u00a0\u00bboff\u00a0\u00bb][et_pb_row admin_label=\u00a0\u00bbLigne\u00a0\u00bb][et_pb_column type=\u00a0\u00bb4_4&Prime;][et_pb_text admin_label=\u00a0\u00bbTexte\u00a0\u00bb background_layout=\u00a0\u00bblight\u00a0\u00bb text_orientation=\u00a0\u00bbleft\u00a0\u00bb text_font_size=\u00a0\u00bb14&Prime; use_border_color=\u00a0\u00bboff\u00a0\u00bb border_color=\u00a0\u00bb#ffffff\u00a0\u00bb border_style=\u00a0\u00bbsolid\u00a0\u00bb]<\/p>\n<p>Depuis sa fondation en 1969 par Conrad Lebel, C. Lebel Construction est demeur\u00e9e une entreprise familiale ayant la m\u00eame philosophie que son fondateur\u00a0: <strong>construire des maisons<\/strong> selon les r\u00e8gles de l&rsquo;art et en appliquant rigoureusement le code du b\u00e2timent. Apr\u00e8s avoir compl\u00e9t\u00e9 un D.E.P. en charpenterie-menuiserie et pris la rel\u00e8ve de l&rsquo;entreprise de Conrad Lebel, Gilles et Martin Dufour ont effectu\u00e9 des travaux de r\u00e9novation de tous genres, tant dans le secteur r\u00e9sidentiel que commercial. C&rsquo;est pourquoi il n&rsquo;y a plus de secret pour eux dans ce domaine. Ils se sont ensuite dirig\u00e9s vers la <strong>construction r\u00e9sidentielle de maisons unifamiliales<\/strong> et d&rsquo;<strong>immeubles \u00e0 revenus<\/strong> en prenant bien soin de choisir judicieusement des mat\u00e9riaux de qualit\u00e9 sup\u00e9rieure et en faisant appel uniquement \u00e0 de la main-d&rsquo;\u0153uvre qualifi\u00e9e.<\/p>\n<p><strong>Notre r\u00e9putation se v\u00e9rifie aupr\u00e8s des associations suivantes :<\/strong><\/p>\n<p>La R\u00e9gie du B\u00e2timent du Qu\u00e9bec<img loading=\"lazy\" class=\"alignright size-medium wp-image-166\" src=\"http:\/\/www.clebel.ca\/new\/wp-content\/uploads\/2015\/11\/DSC_0030-300x199.jpg\" alt=\"DSC_0030\" width=\"300\" height=\"199\" srcset=\"http:\/\/www.clebel.ca\/new\/wp-content\/uploads\/2015\/11\/DSC_0030-300x199.jpg 300w, http:\/\/www.clebel.ca\/new\/wp-content\/uploads\/2015\/11\/DSC_0030-1024x680.jpg 1024w, http:\/\/www.clebel.ca\/new\/wp-content\/uploads\/2015\/11\/DSC_0030-1080x717.jpg 1080w\" sizes=\"(max-width: 300px) 100vw, 300px\" \/><br \/>\nNum\u00e9ro de licence : 1247-1900-34<br \/>\nNum\u00e9ro de t\u00e9l\u00e9phone : 1-800-361-0761<\/p>\n<p>Association de la Construction du Qu\u00e9bec<br \/>\nNum\u00e9ro de membre : 1299<br \/>\nNum\u00e9ro de t\u00e9l\u00e9phone : 1-888-868-3424<\/p>\n<p>La Garantie Qualit\u00e9 Habitation<br \/>\nNum\u00e9ro de membre : 10 210<br \/>\nNum\u00e9ro de t\u00e9l\u00e9phone : 1-800-956-7526<\/p>\n<p>V\u00e9rifiez aupr\u00e8s de nos clients<br \/>\nNous vous fournirons les num\u00e9ros de t\u00e9l\u00e9phone sur demande au (450) 821-1402<\/p>\n<p>[\/et_pb_text][\/et_pb_column][\/et_pb_row][\/et_pb_section]<\/p>\n","protected":false},"excerpt":{"rendered":"<p>[et_pb_section admin_label=\u00a0\u00bbsection\u00a0\u00bb fullwidth=\u00a0\u00bbon\u00a0\u00bb specialty=\u00a0\u00bboff\u00a0\u00bb inner_shadow=\u00a0\u00bboff\u00a0\u00bb parallax=\u00a0\u00bboff\u00a0\u00bb][et_pb_fullwidth_slider admin_label=\u00a0\u00bbFullwidth Slider\u00a0\u00bb show_arrows=\u00a0\u00bbon\u00a0\u00bb show_pagination=\u00a0\u00bbon\u00a0\u00bb auto=\u00a0\u00bboff\u00a0\u00bb parallax=\u00a0\u00bboff\u00a0\u00bb auto_ignore_hover=\u00a0\u00bboff\u00a0\u00bb parallax_method=\u00a0\u00bboff\u00a0\u00bb remove_inner_shadow=\u00a0\u00bboff\u00a0\u00bb background_position=\u00a0\u00bbdefault\u00a0\u00bb background_size=\u00a0\u00bbdefault\u00a0\u00bb hide_content_on_mobile=\u00a0\u00bboff\u00a0\u00bb hide_cta_on_mobile=\u00a0\u00bboff\u00a0\u00bb show_image_video_mobile=\u00a0\u00bboff\u00a0\u00bb header_font_size=\u00a0\u00bb46&Prime; body_font_size=\u00a0\u00bb16&Prime; custom_button=\u00a0\u00bboff\u00a0\u00bb button_text_size=\u00a0\u00bb20&Prime; button_border_width=\u00a0\u00bb2&Prime; button_border_radius=\u00a0\u00bb3&Prime; button_letter_spacing=\u00a0\u00bb0&Prime; button_use_icon=\u00a0\u00bbdefault\u00a0\u00bb button_icon_placement=\u00a0\u00bbright\u00a0\u00bb button_on_hover=\u00a0\u00bbon\u00a0\u00bb button_border_radius_hover=\u00a0\u00bb3&Prime; button_letter_spacing_hover=\u00a0\u00bb0&Prime;] [et_pb_slide heading=\u00a0\u00bbNotre philosophie\u00a0\u00bb background_color=\u00a0\u00bb#efefef\u00a0\u00bb image=\u00a0\u00bbhttp:\/\/www.clebel.ca\/new\/wp-content\/uploads\/2015\/11\/camion.jpg\u00a0\u00bb alignment=\u00a0\u00bbcenter\u00a0\u00bb background_layout=\u00a0\u00bblight\u00a0\u00bb background_position=\u00a0\u00bbdefault\u00a0\u00bb background_size=\u00a0\u00bbdefault\u00a0\u00bb allow_player_pause=\u00a0\u00bboff\u00a0\u00bb header_font_select=\u00a0\u00bbdefault\u00a0\u00bb body_font_select=\u00a0\u00bbdefault\u00a0\u00bb custom_button=\u00a0\u00bboff\u00a0\u00bb button_font_select=\u00a0\u00bbdefault\u00a0\u00bb button_use_icon=\u00a0\u00bbdefault\u00a0\u00bb button_icon_placement=\u00a0\u00bbright\u00a0\u00bb button_on_hover=\u00a0\u00bbon\u00a0\u00bb] Construire des maisons selon les r\u00e8gles [&hellip;]<\/p>\n","protected":false},"author":1,"featured_media":0,"parent":0,"menu_order":0,"comment_status":"closed","ping_status":"closed","template":"","meta":{"_et_pb_use_builder":"on","_et_pb_old_content":"","_et_gb_content_width":""},"_links":{"self":[{"href":"http:\/\/www.clebel.ca\/new\/wp-json\/wp\/v2\/pages\/77"}],"collection":[{"href":"http:\/\/www.clebel.ca\/new\/wp-json\/wp\/v2\/pages"}],"about":[{"href":"http:\/\/www.clebel.ca\/new\/wp-json\/wp\/v2\/types\/page"}],"author":[{"embeddable":true,"href":"http:\/\/www.clebel.ca\/new\/wp-json\/wp\/v2\/users\/1"}],"replies":[{"embeddable":true,"href":"http:\/\/www.clebel.ca\/new\/wp-json\/wp\/v2\/comments?post=77"}],"version-history":[{"count":21,"href":"http:\/\/www.clebel.ca\/new\/wp-json\/wp\/v2\/pages\/77\/revisions"}],"predecessor-version":[{"id":365,"href":"http:\/\/www.clebel.ca\/new\/wp-json\/wp\/v2\/pages\/77\/revisions\/365"}],"wp:attachment":[{"href":"http:\/\/www.clebel.ca\/new\/wp-json\/wp\/v2\/media?parent=77"}],"curies":[{"name":"wp","href":"https:\/\/api.w.org\/{rel}","templated":true}]}}