{"id":82,"date":"2015-11-30T15:42:27","date_gmt":"2015-11-30T14:42:27","guid":{"rendered":"http:\/\/www.clebel.ca\/new\/?page_id=82"},"modified":"2020-09-10T15:27:22","modified_gmt":"2020-09-10T14:27:22","slug":"realisations","status":"publish","type":"page","link":"http:\/\/www.clebel.ca\/new\/realisations\/","title":{"rendered":"Contact"},"content":{"rendered":"<p>[et_pb_section bb_built=\u00a0\u00bb1&Prime; admin_label=\u00a0\u00bbsection\u00a0\u00bb fullwidth=\u00a0\u00bboff\u00a0\u00bb inner_width=\u00a0\u00bbauto\u00a0\u00bb inner_max_width=\u00a0\u00bb1080px\u00a0\u00bb next_background_color=\u00a0\u00bb#000000&Prime;][et_pb_row admin_label=\u00a0\u00bbrow\u00a0\u00bb background_position=\u00a0\u00bbtop_left\u00a0\u00bb background_repeat=\u00a0\u00bbrepeat\u00a0\u00bb background_size=\u00a0\u00bbinitial\u00a0\u00bb width=\u00a0\u00bb80%\u00a0\u00bb max_width=\u00a0\u00bb1080px\u00a0\u00bb][et_pb_column type=\u00a0\u00bb2_3&Prime; custom_padding__hover=\u00a0\u00bb|||\u00a0\u00bb custom_padding=\u00a0\u00bb|||\u00a0\u00bb][et_pb_contact_form admin_label=\u00a0\u00bbContact Form\u00a0\u00bb captcha=\u00a0\u00bboff\u00a0\u00bb title=\u00a0\u00bbContactez-nous\u00a0\u00bb email=\u00a0\u00bbinfo@clebel.ca\u00a0\u00bb title_font_size=\u00a0\u00bb26&Prime; form_field_font_size=\u00a0\u00bb14&Prime; use_border_color=\u00a0\u00bboff\u00a0\u00bb border_color=\u00a0\u00bb#ffffff\u00a0\u00bb border_style=\u00a0\u00bbsolid\u00a0\u00bb custom_button=\u00a0\u00bboff\u00a0\u00bb button_text_size=\u00a0\u00bb20&Prime; button_border_width=\u00a0\u00bb2&Prime; button_border_radius=\u00a0\u00bb3&Prime; button_letter_spacing=\u00a0\u00bb0&Prime; button_use_icon=\u00a0\u00bbdefault\u00a0\u00bb button_icon_placement=\u00a0\u00bbright\u00a0\u00bb button_on_hover=\u00a0\u00bbon\u00a0\u00bb button_border_radius_hover=\u00a0\u00bb3&Prime; button_letter_spacing_hover=\u00a0\u00bb0&Prime; border_radii=\u00a0\u00bbon||||\u00a0\u00bb \/][\/et_pb_column][et_pb_column type=\u00a0\u00bb1_3&Prime; custom_padding__hover=\u00a0\u00bb|||\u00a0\u00bb custom_padding=\u00a0\u00bb|||\u00a0\u00bb][et_pb_text admin_label=\u00a0\u00bbText\u00a0\u00bb background_layout=\u00a0\u00bblight\u00a0\u00bb text_orientation=\u00a0\u00bbleft\u00a0\u00bb text_font_size=\u00a0\u00bb14&Prime; use_border_color=\u00a0\u00bboff\u00a0\u00bb border_color=\u00a0\u00bb#ffffff\u00a0\u00bb border_style=\u00a0\u00bbsolid\u00a0\u00bb background_position=\u00a0\u00bbtop_left\u00a0\u00bb background_repeat=\u00a0\u00bbrepeat\u00a0\u00bb background_size=\u00a0\u00bbinitial\u00a0\u00bb]<\/p>\n<h3>Construction Lebel<\/h3>\n<p class=\"coord\"><strong>Martin Dufour<\/strong><br \/>450 821-1402<\/p>\n<p class=\"coord\"><strong>Questions ou commentaires :<\/strong><br \/><a href=\"mailto:info@clebel.ca\">info@clebel.ca<\/a><\/p>\n<p class=\"coord\">209, Des Eaux Vives<br \/>St-J\u00e9r\u00f4me, Qu\u00e9bec<br \/>J7Y 4N6<\/p>\n<p>[\/et_pb_text][\/et_pb_column][\/et_pb_row][\/et_pb_section][et_pb_section bb_built=\u00a0\u00bb1&Prime; fullwidth=\u00a0\u00bboff\u00a0\u00bb specialty=\u00a0\u00bboff\u00a0\u00bb inner_width=\u00a0\u00bbauto\u00a0\u00bb inner_max_width=\u00a0\u00bb1080px\u00a0\u00bb prev_background_color=\u00a0\u00bb#000000&Prime;][et_pb_row][et_pb_column type=\u00a0\u00bb4_4&Prime; custom_padding__hover=\u00a0\u00bb|||\u00a0\u00bb custom_padding=\u00a0\u00bb|||\u00a0\u00bb][et_pb_code _builder_version=\u00a0\u00bb4.6.1&Prime; box_shadow_horizontal_tablet=\u00a0\u00bb0px\u00a0\u00bb box_shadow_vertical_tablet=\u00a0\u00bb0px\u00a0\u00bb box_shadow_blur_tablet=\u00a0\u00bb40px\u00a0\u00bb box_shadow_spread_tablet=\u00a0\u00bb0px\u00a0\u00bb vertical_offset_tablet=\u00a0\u00bb0&Prime; horizontal_offset_tablet=\u00a0\u00bb0&Prime; z_index_tablet=\u00a0\u00bb0&Prime;]<iframe src=\"https:\/\/www.google.com\/maps\/embed?pb=!1m14!1m8!1m3!1d11125.249688562248!2d-74.021592!3d45.8050011!3m2!1i1024!2i768!4f13.1!3m3!1m2!1s0x0%3A0xa0cea59eb320b98f!2sC%20Lebel%20Construction%20Inc!5e0!3m2!1sfr!2sca!4v1599747056289!5m2!1sfr!2sca\" width=\"1080\" height=\"450\" frameborder=\"0\" style=\"border:0;\" allowfullscreen=\"\" aria-hidden=\"false\" tabindex=\"0\"><\/iframe>[\/et_pb_code][\/et_pb_column][\/et_pb_row][\/et_pb_section]<\/p>\n","protected":false},"excerpt":{"rendered":"<p>[et_pb_section bb_built=\u00a0\u00bb1&Prime; admin_label=\u00a0\u00bbsection\u00a0\u00bb fullwidth=\u00a0\u00bboff\u00a0\u00bb inner_width=\u00a0\u00bbauto\u00a0\u00bb inner_max_width=\u00a0\u00bb1080px\u00a0\u00bb next_background_color=\u00a0\u00bb#000000&Prime;][et_pb_row admin_label=\u00a0\u00bbrow\u00a0\u00bb background_position=\u00a0\u00bbtop_left\u00a0\u00bb background_repeat=\u00a0\u00bbrepeat\u00a0\u00bb background_size=\u00a0\u00bbinitial\u00a0\u00bb width=\u00a0\u00bb80%\u00a0\u00bb max_width=\u00a0\u00bb1080px\u00a0\u00bb][et_pb_column type=\u00a0\u00bb2_3&Prime; custom_padding__hover=\u00a0\u00bb|||\u00a0\u00bb custom_padding=\u00a0\u00bb|||\u00a0\u00bb][et_pb_contact_form admin_label=\u00a0\u00bbContact Form\u00a0\u00bb captcha=\u00a0\u00bboff\u00a0\u00bb title=\u00a0\u00bbContactez-nous\u00a0\u00bb email=\u00a0\u00bbinfo@clebel.ca\u00a0\u00bb title_font_size=\u00a0\u00bb26&Prime; form_field_font_size=\u00a0\u00bb14&Prime; use_border_color=\u00a0\u00bboff\u00a0\u00bb border_color=\u00a0\u00bb#ffffff\u00a0\u00bb border_style=\u00a0\u00bbsolid\u00a0\u00bb custom_button=\u00a0\u00bboff\u00a0\u00bb button_text_size=\u00a0\u00bb20&Prime; button_border_width=\u00a0\u00bb2&Prime; button_border_radius=\u00a0\u00bb3&Prime; button_letter_spacing=\u00a0\u00bb0&Prime; button_use_icon=\u00a0\u00bbdefault\u00a0\u00bb button_icon_placement=\u00a0\u00bbright\u00a0\u00bb button_on_hover=\u00a0\u00bbon\u00a0\u00bb button_border_radius_hover=\u00a0\u00bb3&Prime; button_letter_spacing_hover=\u00a0\u00bb0&Prime; border_radii=\u00a0\u00bbon||||\u00a0\u00bb \/][\/et_pb_column][et_pb_column type=\u00a0\u00bb1_3&Prime; custom_padding__hover=\u00a0\u00bb|||\u00a0\u00bb custom_padding=\u00a0\u00bb|||\u00a0\u00bb][et_pb_text admin_label=\u00a0\u00bbText\u00a0\u00bb background_layout=\u00a0\u00bblight\u00a0\u00bb text_orientation=\u00a0\u00bbleft\u00a0\u00bb text_font_size=\u00a0\u00bb14&Prime; use_border_color=\u00a0\u00bboff\u00a0\u00bb border_color=\u00a0\u00bb#ffffff\u00a0\u00bb border_style=\u00a0\u00bbsolid\u00a0\u00bb background_position=\u00a0\u00bbtop_left\u00a0\u00bb background_repeat=\u00a0\u00bbrepeat\u00a0\u00bb background_size=\u00a0\u00bbinitial\u00a0\u00bb] Construction Lebel Martin Dufour450 [&hellip;]<\/p>\n","protected":false},"author":1,"featured_media":0,"parent":0,"menu_order":0,"comment_status":"closed","ping_status":"closed","template":"","meta":{"_et_pb_use_builder":"on","_et_pb_old_content":"","_et_gb_content_width":""},"_links":{"self":[{"href":"http:\/\/www.clebel.ca\/new\/wp-json\/wp\/v2\/pages\/82"}],"collection":[{"href":"http:\/\/www.clebel.ca\/new\/wp-json\/wp\/v2\/pages"}],"about":[{"href":"http:\/\/www.clebel.ca\/new\/wp-json\/wp\/v2\/types\/page"}],"author":[{"embeddable":true,"href":"http:\/\/www.clebel.ca\/new\/wp-json\/wp\/v2\/users\/1"}],"replies":[{"embeddable":true,"href":"http:\/\/www.clebel.ca\/new\/wp-json\/wp\/v2\/comments?post=82"}],"version-history":[{"count":9,"href":"http:\/\/www.clebel.ca\/new\/wp-json\/wp\/v2\/pages\/82\/revisions"}],"predecessor-version":[{"id":477,"href":"http:\/\/www.clebel.ca\/new\/wp-json\/wp\/v2\/pages\/82\/revisions\/477"}],"wp:attachment":[{"href":"http:\/\/www.clebel.ca\/new\/wp-json\/wp\/v2\/media?parent=82"}],"curies":[{"name":"wp","href":"https:\/\/api.w.org\/{rel}","templated":true}]}}